{"id":1397,"date":"2024-11-13T07:02:47","date_gmt":"2024-11-13T07:02:47","guid":{"rendered":"https:\/\/tienphongtech.vn\/admission\/"},"modified":"2025-03-10T07:40:23","modified_gmt":"2025-03-10T07:40:23","slug":"dia-diem","status":"publish","type":"page","link":"https:\/\/tienphongtech.vn\/en\/dia-diem\/","title":{"rendered":"Address"},"content":{"rendered":"<div data-elementor-type=\"wp-page\" data-elementor-id=\"1397\" class=\"elementor elementor-1397\" data-elementor-post-type=\"page\">\n\t\t\t\t<div class=\"elementor-element elementor-element-24e8792 e-con-full e-flex e-con e-parent\" data-id=\"24e8792\" data-element_type=\"container\" data-settings=\"{&quot;background_background&quot;:&quot;classic&quot;}\">\n\t\t\t\t<div class=\"elementor-element elementor-element-04f3dfc elementor-widget elementor-widget-heading\" data-id=\"04f3dfc\" data-element_type=\"widget\" data-widget_type=\"heading.default\">\n\t\t\t\t<div class=\"elementor-widget-container\">\n\t\t\t<style>\/*! elementor - v3.22.0 - 26-06-2024 *\/\n.elementor-heading-title{padding:0;margin:0;line-height:1}.elementor-widget-heading .elementor-heading-title[class*=elementor-size-]>a{color:inherit;font-size:inherit;line-height:inherit}.elementor-widget-heading .elementor-heading-title.elementor-size-small{font-size:15px}.elementor-widget-heading .elementor-heading-title.elementor-size-medium{font-size:19px}.elementor-widget-heading .elementor-heading-title.elementor-size-large{font-size:29px}.elementor-widget-heading .elementor-heading-title.elementor-size-xl{font-size:39px}.elementor-widget-heading .elementor-heading-title.elementor-size-xxl{font-size:59px}<\/style><h1 class=\"elementor-heading-title elementor-size-default\">\u0110\u1ecaA \u0110I\u1ec2M<\/h1>\t\t<\/div>\n\t\t\t\t<\/div>\n\t\t\t\t<\/div>\n\t\t<div class=\"elementor-element elementor-element-213e2d03 e-flex e-con-boxed e-con e-parent\" data-id=\"213e2d03\" data-element_type=\"container\" data-settings=\"{&quot;background_background&quot;:&quot;classic&quot;}\">\n\t\t\t\t\t<div class=\"e-con-inner\">\n\t\t<div class=\"elementor-element elementor-element-31de1e45 e-con-full e-flex e-con e-child\" data-id=\"31de1e45\" data-element_type=\"container\">\n\t\t\t\t<div class=\"elementor-element elementor-element-96c939c elementor-widget elementor-widget-heading\" data-id=\"96c939c\" data-element_type=\"widget\" data-widget_type=\"heading.default\">\n\t\t\t\t<div class=\"elementor-widget-container\">\n\t\t\t<h2 class=\"elementor-heading-title elementor-size-default\">Danh s\u00e1ch c\u00e1c \u0111\u1ecba \u0111i\u1ec3m<\/h2>\t\t<\/div>\n\t\t\t\t<\/div>\n\t\t<div class=\"elementor-element elementor-element-27c88f6d e-flex e-con-boxed e-con e-child\" data-id=\"27c88f6d\" data-element_type=\"container\">\n\t\t\t\t\t<div class=\"e-con-inner\">\n\t\t<div class=\"elementor-element elementor-element-2a032cd6 e-con-full e-flex e-con e-child\" data-id=\"2a032cd6\" data-element_type=\"container\">\n\t\t\t\t<div class=\"elementor-element elementor-element-453c6f35 elementor-widget elementor-widget-heading\" data-id=\"453c6f35\" data-element_type=\"widget\" data-widget_type=\"heading.default\">\n\t\t\t\t<div class=\"elementor-widget-container\">\n\t\t\t<h2 class=\"elementor-heading-title elementor-size-default\">01<\/h2>\t\t<\/div>\n\t\t\t\t<\/div>\n\t\t\t\t<div class=\"elementor-element elementor-element-77183f6d elementor-widget elementor-widget-icon-box\" data-id=\"77183f6d\" data-element_type=\"widget\" data-widget_type=\"icon-box.default\">\n\t\t\t\t<div class=\"elementor-widget-container\">\n\t\t\t<link rel=\"stylesheet\" href=\"https:\/\/tienphongtech.vn\/wp-content\/plugins\/elementor\/assets\/css\/widget-icon-box.min.css\">\t\t<div class=\"elementor-icon-box-wrapper\">\n\n\t\t\t\n\t\t\t\t\t\t<div class=\"elementor-icon-box-content\">\n\n\t\t\t\t\t\t\t\t\t<h5 class=\"elementor-icon-box-title\">\n\t\t\t\t\t\t<span  >\n\t\t\t\t\t\t\tCABIN NVS + KIOSK <br \/> 8-12 Hai B\u00e0 Tr\u01b0ng, Q1\t\t\t\t\t\t<\/span>\n\t\t\t\t\t<\/h5>\n\t\t\t\t\n\t\t\t\t\t\t\t\t\t<p class=\"elementor-icon-box-description\">\n\t\t\t\t\t\t\u0110\u1ecba ch\u1ec9: G\u00f3c Nguy\u1ec5n V\u0103n Chi\u00eam - <br>Hai B\u00e0 Tr\u01b0ng, Qu\u1eadn 1, TP. HCM.\t\t\t\t\t<\/p>\n\t\t\t\t\n\t\t\t<\/div>\n\t\t\t\n\t\t<\/div>\n\t\t\t\t<\/div>\n\t\t\t\t<\/div>\n\t\t\t\t<\/div>\n\t\t<div class=\"elementor-element elementor-element-4c3d747 e-con-full e-flex e-con e-child\" data-id=\"4c3d747\" data-element_type=\"container\">\n\t\t\t\t<div class=\"elementor-element elementor-element-5652401 elementor-widget elementor-widget-heading\" data-id=\"5652401\" data-element_type=\"widget\" data-widget_type=\"heading.default\">\n\t\t\t\t<div class=\"elementor-widget-container\">\n\t\t\t<h2 class=\"elementor-heading-title elementor-size-default\">02<\/h2>\t\t<\/div>\n\t\t\t\t<\/div>\n\t\t\t\t<div class=\"elementor-element elementor-element-461f24b elementor-widget elementor-widget-icon-box\" data-id=\"461f24b\" data-element_type=\"widget\" data-widget_type=\"icon-box.default\">\n\t\t\t\t<div class=\"elementor-widget-container\">\n\t\t\t\t\t<div class=\"elementor-icon-box-wrapper\">\n\n\t\t\t\n\t\t\t\t\t\t<div class=\"elementor-icon-box-content\">\n\n\t\t\t\t\t\t\t\t\t<h5 class=\"elementor-icon-box-title\">\n\t\t\t\t\t\t<span  >\n\t\t\t\t\t\t\tCABIN NVS + KIOSK THI S\u00c1CH\t\t\t\t\t\t<\/span>\n\t\t\t\t\t<\/h5>\n\t\t\t\t\n\t\t\t\t\t\t\t\t\t<p class=\"elementor-icon-box-description\">\n\t\t\t\t\t\t\u0110\u1ecba ch\u1ec9: C\u00f4ng tr\u01b0\u1eddng M\u00ea Linh, <br>S\u1ed1 2-4-6 Hai B\u00e0 Tr\u01b0ng, P B\u1ebfn Ngh\u00e9, Qu\u1eadn 1, TP.HCM.\t\t\t\t\t<\/p>\n\t\t\t\t\n\t\t\t<\/div>\n\t\t\t\n\t\t<\/div>\n\t\t\t\t<\/div>\n\t\t\t\t<\/div>\n\t\t\t\t<\/div>\n\t\t<div class=\"elementor-element elementor-element-2191ec08 e-con-full e-flex e-con e-child\" data-id=\"2191ec08\" data-element_type=\"container\">\n\t\t\t\t<div class=\"elementor-element elementor-element-38e81611 elementor-widget elementor-widget-heading\" data-id=\"38e81611\" data-element_type=\"widget\" data-widget_type=\"heading.default\">\n\t\t\t\t<div class=\"elementor-widget-container\">\n\t\t\t<h2 class=\"elementor-heading-title elementor-size-default\">03<\/h2>\t\t<\/div>\n\t\t\t\t<\/div>\n\t\t\t\t<div class=\"elementor-element elementor-element-76c2f7d5 elementor-widget elementor-widget-icon-box\" data-id=\"76c2f7d5\" data-element_type=\"widget\" data-widget_type=\"icon-box.default\">\n\t\t\t\t<div class=\"elementor-widget-container\">\n\t\t\t\t\t<div class=\"elementor-icon-box-wrapper\">\n\n\t\t\t\n\t\t\t\t\t\t<div class=\"elementor-icon-box-content\">\n\n\t\t\t\t\t\t\t\t\t<h5 class=\"elementor-icon-box-title\">\n\t\t\t\t\t\t<span  >\n\t\t\t\t\t\t\tCABIN NVS + KIOSK\t\t\t\t\t\t<\/span>\n\t\t\t\t\t<\/h5>\n\t\t\t\t\n\t\t\t\t\t\t\t\t\t<p class=\"elementor-icon-box-description\">\n\t\t\t\t\t\t\u0110\u1ecba ch\u1ec9: D\u1ecdc b\u1edd K\u00eanh t\u1ebb,<br> \u0111\u01b0\u1eddng Tr\u1ea7n Xu\u00e2n So\u1ea1n, Ph\u01b0\u1eddng T\u00e2n Ki\u1ec3ng, Qu\u1eadn 7, TP. HCM.\t\t\t\t\t<\/p>\n\t\t\t\t\n\t\t\t<\/div>\n\t\t\t\n\t\t<\/div>\n\t\t\t\t<\/div>\n\t\t\t\t<\/div>\n\t\t\t\t<\/div>\n\t\t<div class=\"elementor-element elementor-element-3c61373 e-con-full e-flex e-con e-child\" data-id=\"3c61373\" data-element_type=\"container\">\n\t\t\t\t<div class=\"elementor-element elementor-element-1795dba elementor-widget elementor-widget-heading\" data-id=\"1795dba\" data-element_type=\"widget\" data-widget_type=\"heading.default\">\n\t\t\t\t<div class=\"elementor-widget-container\">\n\t\t\t<h2 class=\"elementor-heading-title elementor-size-default\">04<\/h2>\t\t<\/div>\n\t\t\t\t<\/div>\n\t\t\t\t<div class=\"elementor-element elementor-element-9c4dcb6 elementor-widget elementor-widget-icon-box\" data-id=\"9c4dcb6\" data-element_type=\"widget\" data-widget_type=\"icon-box.default\">\n\t\t\t\t<div class=\"elementor-widget-container\">\n\t\t\t\t\t<div class=\"elementor-icon-box-wrapper\">\n\n\t\t\t\n\t\t\t\t\t\t<div class=\"elementor-icon-box-content\">\n\n\t\t\t\t\t\t\t\t\t<h5 class=\"elementor-icon-box-title\">\n\t\t\t\t\t\t<span  >\n\t\t\t\t\t\t\tCABIN NVS + KIOSK\t\t\t\t\t\t<\/span>\n\t\t\t\t\t<\/h5>\n\t\t\t\t\n\t\t\t\t\t\t\t\t\t<p class=\"elementor-icon-box-description\">\n\t\t\t\t\t\t\u0110\u1ecba ch\u1ec9: KDC Nam Long,<br>T\u1ed5 d\u00e2n ph\u1ed1 tr\u01b0\u1edbc nh\u00e0 E47 KDC Nam Long, P. Ph\u00fa Thu\u1eadn, Qu\u1eadn 7, TP. HCM.\t\t\t\t\t<\/p>\n\t\t\t\t\n\t\t\t<\/div>\n\t\t\t\n\t\t<\/div>\n\t\t\t\t<\/div>\n\t\t\t\t<\/div>\n\t\t\t\t<\/div>\n\t\t<div class=\"elementor-element elementor-element-6d6d202 e-con-full e-flex e-con e-child\" data-id=\"6d6d202\" data-element_type=\"container\">\n\t\t\t\t<div class=\"elementor-element elementor-element-4c64dac elementor-widget elementor-widget-heading\" data-id=\"4c64dac\" data-element_type=\"widget\" data-widget_type=\"heading.default\">\n\t\t\t\t<div class=\"elementor-widget-container\">\n\t\t\t<h2 class=\"elementor-heading-title elementor-size-default\">05<\/h2>\t\t<\/div>\n\t\t\t\t<\/div>\n\t\t\t\t<div class=\"elementor-element elementor-element-5e3b78f elementor-widget elementor-widget-icon-box\" data-id=\"5e3b78f\" data-element_type=\"widget\" data-widget_type=\"icon-box.default\">\n\t\t\t\t<div class=\"elementor-widget-container\">\n\t\t\t\t\t<div class=\"elementor-icon-box-wrapper\">\n\n\t\t\t\n\t\t\t\t\t\t<div class=\"elementor-icon-box-content\">\n\n\t\t\t\t\t\t\t\t\t<h5 class=\"elementor-icon-box-title\">\n\t\t\t\t\t\t<span  >\n\t\t\t\t\t\t\tCABIN NVS + KIOSK Ho\u00e0ng Sa\t\t\t\t\t\t<\/span>\n\t\t\t\t\t<\/h5>\n\t\t\t\t\n\t\t\t\t\t\t\t\t\t<p class=\"elementor-icon-box-description\">\n\t\t\t\t\t\t\u0110\u1ecba ch\u1ec9: 1115 Ho\u00e0ng Sa, P. 11, Qu\u1eadn 3, <br>TP. HCM.\t\t\t\t\t<\/p>\n\t\t\t\t\n\t\t\t<\/div>\n\t\t\t\n\t\t<\/div>\n\t\t\t\t<\/div>\n\t\t\t\t<\/div>\n\t\t\t\t<\/div>\n\t\t<div class=\"elementor-element elementor-element-777d012 e-con-full e-flex e-con e-child\" data-id=\"777d012\" data-element_type=\"container\">\n\t\t\t\t<div class=\"elementor-element elementor-element-7b168d9 elementor-widget elementor-widget-heading\" data-id=\"7b168d9\" data-element_type=\"widget\" data-widget_type=\"heading.default\">\n\t\t\t\t<div class=\"elementor-widget-container\">\n\t\t\t<h2 class=\"elementor-heading-title elementor-size-default\">06<\/h2>\t\t<\/div>\n\t\t\t\t<\/div>\n\t\t\t\t<div class=\"elementor-element elementor-element-3ac5a66 elementor-widget elementor-widget-icon-box\" data-id=\"3ac5a66\" data-element_type=\"widget\" data-widget_type=\"icon-box.default\">\n\t\t\t\t<div class=\"elementor-widget-container\">\n\t\t\t\t\t<div class=\"elementor-icon-box-wrapper\">\n\n\t\t\t\n\t\t\t\t\t\t<div class=\"elementor-icon-box-content\">\n\n\t\t\t\t\t\t\t\t\t<h5 class=\"elementor-icon-box-title\">\n\t\t\t\t\t\t<span  >\n\t\t\t\t\t\t\tCABIN NVS + KIOSK Tr\u01b0\u1eddng Sa\t\t\t\t\t\t<\/span>\n\t\t\t\t\t<\/h5>\n\t\t\t\t\n\t\t\t\t\t\t\t\t\t<p class=\"elementor-icon-box-description\">\n\t\t\t\t\t\t\u0110\u1ecba ch\u1ec9: Tr\u01b0\u1edbc CC Secret Tr\u01b0\u1eddng Sa, P. 12, Qu\u1eadn 3, TP. HCM.\t\t\t\t\t<\/p>\n\t\t\t\t\n\t\t\t<\/div>\n\t\t\t\n\t\t<\/div>\n\t\t\t\t<\/div>\n\t\t\t\t<\/div>\n\t\t\t\t<\/div>\n\t\t<div class=\"elementor-element elementor-element-8e509c9 e-con-full e-flex e-con e-child\" data-id=\"8e509c9\" data-element_type=\"container\">\n\t\t\t\t<div class=\"elementor-element elementor-element-add722d elementor-widget elementor-widget-heading\" data-id=\"add722d\" data-element_type=\"widget\" data-widget_type=\"heading.default\">\n\t\t\t\t<div class=\"elementor-widget-container\">\n\t\t\t<h2 class=\"elementor-heading-title elementor-size-default\">07<\/h2>\t\t<\/div>\n\t\t\t\t<\/div>\n\t\t\t\t<div class=\"elementor-element elementor-element-254abc0 elementor-widget elementor-widget-icon-box\" data-id=\"254abc0\" data-element_type=\"widget\" data-widget_type=\"icon-box.default\">\n\t\t\t\t<div class=\"elementor-widget-container\">\n\t\t\t\t\t<div class=\"elementor-icon-box-wrapper\">\n\n\t\t\t\n\t\t\t\t\t\t<div class=\"elementor-icon-box-content\">\n\n\t\t\t\t\t\t\t\t\t<h5 class=\"elementor-icon-box-title\">\n\t\t\t\t\t\t<span  >\n\t\t\t\t\t\t\tABIN NVS + KIOSK <br \/> G\u00f3c T\u00fa X\u01b0\u01a1ng - CMT8\t\t\t\t\t\t<\/span>\n\t\t\t\t\t<\/h5>\n\t\t\t\t\n\t\t\t\t\t\t\t\t\t<p class=\"elementor-icon-box-description\">\n\t\t\t\t\t\t\u0110\u1ecba ch\u1ec9: \u0110\u1ed1i di\u1ec7n CA Qu\u1eadn 3, <br>(P. V\u00f5 Th\u1ecb S\u00e1u), TP. HCM.\t\t\t\t\t<\/p>\n\t\t\t\t\n\t\t\t<\/div>\n\t\t\t\n\t\t<\/div>\n\t\t\t\t<\/div>\n\t\t\t\t<\/div>\n\t\t\t\t<\/div>\n\t\t<div class=\"elementor-element elementor-element-22cafa3 e-con-full e-flex e-con e-child\" data-id=\"22cafa3\" data-element_type=\"container\">\n\t\t\t\t<div class=\"elementor-element elementor-element-d1cc820 elementor-widget elementor-widget-heading\" data-id=\"d1cc820\" data-element_type=\"widget\" data-widget_type=\"heading.default\">\n\t\t\t\t<div class=\"elementor-widget-container\">\n\t\t\t<h2 class=\"elementor-heading-title elementor-size-default\">08<\/h2>\t\t<\/div>\n\t\t\t\t<\/div>\n\t\t\t\t<div class=\"elementor-element elementor-element-8f733ef elementor-widget elementor-widget-icon-box\" data-id=\"8f733ef\" data-element_type=\"widget\" data-widget_type=\"icon-box.default\">\n\t\t\t\t<div class=\"elementor-widget-container\">\n\t\t\t\t\t<div class=\"elementor-icon-box-wrapper\">\n\n\t\t\t\n\t\t\t\t\t\t<div class=\"elementor-icon-box-content\">\n\n\t\t\t\t\t\t\t\t\t<h5 class=\"elementor-icon-box-title\">\n\t\t\t\t\t\t<span  >\n\t\t\t\t\t\t\tCABIN NVS + KIOSK <br \/> \u0110\u01b0\u1eddng Ho\u00e0ng V\u0103n Th\u1ee5\t\t\t\t\t\t<\/span>\n\t\t\t\t\t<\/h5>\n\t\t\t\t\n\t\t\t\t\t\t\t\t\t<p class=\"elementor-icon-box-description\">\n\t\t\t\t\t\t\u0110\u1ecba ch\u1ec9: G\u00f3c Ho\u00e0ng V\u0103n Th\u1ee5 - L\u00ea B\u00ecnh (P. 4, T\u00e2n B\u00ecnh), TP. HCM.\t\t\t\t\t<\/p>\n\t\t\t\t\n\t\t\t<\/div>\n\t\t\t\n\t\t<\/div>\n\t\t\t\t<\/div>\n\t\t\t\t<\/div>\n\t\t\t\t<\/div>\n\t\t<div class=\"elementor-element elementor-element-2fe1546 e-con-full e-flex e-con e-child\" data-id=\"2fe1546\" data-element_type=\"container\">\n\t\t\t\t<div class=\"elementor-element elementor-element-48fb8e3 elementor-widget elementor-widget-heading\" data-id=\"48fb8e3\" data-element_type=\"widget\" data-widget_type=\"heading.default\">\n\t\t\t\t<div class=\"elementor-widget-container\">\n\t\t\t<h2 class=\"elementor-heading-title elementor-size-default\">09<\/h2>\t\t<\/div>\n\t\t\t\t<\/div>\n\t\t\t\t<div class=\"elementor-element elementor-element-c834f95 elementor-widget elementor-widget-icon-box\" data-id=\"c834f95\" data-element_type=\"widget\" data-widget_type=\"icon-box.default\">\n\t\t\t\t<div class=\"elementor-widget-container\">\n\t\t\t\t\t<div class=\"elementor-icon-box-wrapper\">\n\n\t\t\t\n\t\t\t\t\t\t<div class=\"elementor-icon-box-content\">\n\n\t\t\t\t\t\t\t\t\t<h5 class=\"elementor-icon-box-title\">\n\t\t\t\t\t\t<span  >\n\t\t\t\t\t\t\tCABIN NVS + KIOSK <br \/> G\u00f3c L\u00ea Qu\u00fd \u0110\u00f4n\t\t\t\t\t\t<\/span>\n\t\t\t\t\t<\/h5>\n\t\t\t\t\n\t\t\t\t\t\t\t\t\t<p class=\"elementor-icon-box-description\">\n\t\t\t\t\t\t\u0110\u1ecba ch\u1ec9: L\u00ea Qu\u00fd \u0110\u00f4n - <br>Nguy\u1ec5n Th\u1ecb Minh Khai, P. V\u00f5 Th\u1ecb S\u00e1u, <br \/>Q.3, TP. HCM.\t\t\t\t\t<\/p>\n\t\t\t\t\n\t\t\t<\/div>\n\t\t\t\n\t\t<\/div>\n\t\t\t\t<\/div>\n\t\t\t\t<\/div>\n\t\t\t\t<\/div>\n\t\t<div class=\"elementor-element elementor-element-b5fa9ba e-con-full e-flex e-con e-child\" data-id=\"b5fa9ba\" data-element_type=\"container\">\n\t\t\t\t<div class=\"elementor-element elementor-element-44e23db elementor-widget elementor-widget-heading\" data-id=\"44e23db\" data-element_type=\"widget\" data-widget_type=\"heading.default\">\n\t\t\t\t<div class=\"elementor-widget-container\">\n\t\t\t<h2 class=\"elementor-heading-title elementor-size-default\">10<\/h2>\t\t<\/div>\n\t\t\t\t<\/div>\n\t\t\t\t<div class=\"elementor-element elementor-element-66347b2 elementor-widget elementor-widget-icon-box\" data-id=\"66347b2\" data-element_type=\"widget\" data-widget_type=\"icon-box.default\">\n\t\t\t\t<div class=\"elementor-widget-container\">\n\t\t\t\t\t<div class=\"elementor-icon-box-wrapper\">\n\n\t\t\t\n\t\t\t\t\t\t<div class=\"elementor-icon-box-content\">\n\n\t\t\t\t\t\t\t\t\t<h5 class=\"elementor-icon-box-title\">\n\t\t\t\t\t\t<span  >\n\t\t\t\t\t\t\tCABIN NVS + KIOSK <br \/> \u0110\u01b0\u1eddng Tr\u01b0\u1eddng S\u01a1n - H\u1eadu Giang (Si\u00eau th\u1ecb Supper bowl)\t\t\t\t\t\t<\/span>\n\t\t\t\t\t<\/h5>\n\t\t\t\t\n\t\t\t\t\t\t\t\t\t<p class=\"elementor-icon-box-description\">\n\t\t\t\t\t\t\u0110\u1ecba ch\u1ec9: \u0110\u01b0\u1eddng H\u1eadu Giang, P. 4, T\u00e2n B\u00ecnh (\u0111\u1ed1i di\u1ec7n Seven Eleven s\u1ed1 21B H\u1eadu Giang), <br \/>TP. HCM.\t\t\t\t\t<\/p>\n\t\t\t\t\n\t\t\t<\/div>\n\t\t\t\n\t\t<\/div>\n\t\t\t\t<\/div>\n\t\t\t\t<\/div>\n\t\t\t\t<\/div>\n\t\t\t\t\t<\/div>\n\t\t\t\t<\/div>\n\t\t\t\t<\/div>\n\t\t\t\t\t<\/div>\n\t\t\t\t<\/div>\n\t\t<div class=\"elementor-element elementor-element-482458a6 e-flex e-con-boxed e-con e-parent\" data-id=\"482458a6\" data-element_type=\"container\" data-settings=\"{&quot;background_background&quot;:&quot;gradient&quot;}\">\n\t\t\t\t\t<div class=\"e-con-inner\">\n\t\t<div class=\"elementor-element elementor-element-5c5f7f08 e-con-full e-flex e-con e-child\" data-id=\"5c5f7f08\" data-element_type=\"container\">\n\t\t<div class=\"elementor-element elementor-element-637dd2c e-con-full e-flex e-con e-child\" data-id=\"637dd2c\" data-element_type=\"container\">\n\t\t\t\t<div class=\"elementor-element elementor-element-8031999 elementor-widget elementor-widget-heading\" data-id=\"8031999\" data-element_type=\"widget\" data-widget_type=\"heading.default\">\n\t\t\t\t<div class=\"elementor-widget-container\">\n\t\t\t<h3 class=\"elementor-heading-title elementor-size-default\">H\u01a0N<\/h3>\t\t<\/div>\n\t\t\t\t<\/div>\n\t\t\t\t<div class=\"elementor-element elementor-element-d450c33 elementor-widget__width-auto elementor-widget elementor-widget-counter\" data-id=\"d450c33\" data-element_type=\"widget\" data-widget_type=\"counter.default\">\n\t\t\t\t<div class=\"elementor-widget-container\">\n\t\t\t<style>\/*! elementor - v3.22.0 - 26-06-2024 *\/\n.elementor-counter{display:flex;justify-content:center;align-items:stretch;flex-direction:column-reverse}.elementor-counter .elementor-counter-number{flex-grow:var(--counter-number-grow,0)}.elementor-counter .elementor-counter-number-wrapper{flex:1;display:flex;font-size:69px;font-weight:600;line-height:1;text-align:center}.elementor-counter .elementor-counter-number-prefix{text-align:end;flex-grow:var(--counter-prefix-grow,1);white-space:pre-wrap}.elementor-counter .elementor-counter-number-suffix{text-align:start;flex-grow:var(--counter-suffix-grow,1);white-space:pre-wrap}.elementor-counter .elementor-counter-title{flex:1;display:flex;justify-content:center;align-items:center;margin:0;padding:0;font-size:19px;font-weight:400;line-height:2.5}<\/style>\t\t<div class=\"elementor-counter\">\n\t\t\t\t\t\t<div class=\"elementor-counter-number-wrapper\">\n\t\t\t\t<span class=\"elementor-counter-number-prefix\"><\/span>\n\t\t\t\t<span class=\"elementor-counter-number\" data-duration=\"2000\" data-to-value=\"10\" data-from-value=\"0\" data-delimiter=\",\">0<\/span>\n\t\t\t\t<span class=\"elementor-counter-number-suffix\"><\/span>\n\t\t\t<\/div>\n\t\t<\/div>\n\t\t\t\t<\/div>\n\t\t\t\t<\/div>\n\t\t\t\t<div class=\"elementor-element elementor-element-dfc1540 elementor-view-default elementor-widget elementor-widget-icon\" data-id=\"dfc1540\" data-element_type=\"widget\" data-widget_type=\"icon.default\">\n\t\t\t\t<div class=\"elementor-widget-container\">\n\t\t\t\t\t<div class=\"elementor-icon-wrapper\">\n\t\t\t<div class=\"elementor-icon\">\n\t\t\t<svg aria-hidden=\"true\" class=\"e-font-icon-svg e-fas-plus\" viewbox=\"0 0 448 512\" xmlns=\"http:\/\/www.w3.org\/2000\/svg\"><path d=\"M416 208H272V64c0-17.67-14.33-32-32-32h-32c-17.67 0-32 14.33-32 32v144H32c-17.67 0-32 14.33-32 32v32c0 17.67 14.33 32 32 32h144v144c0 17.67 14.33 32 32 32h32c17.67 0 32-14.33 32-32V304h144c17.67 0 32-14.33 32-32v-32c0-17.67-14.33-32-32-32z\"><\/path><\/svg>\t\t\t<\/div>\n\t\t<\/div>\n\t\t\t\t<\/div>\n\t\t\t\t<\/div>\n\t\t\t\t<\/div>\n\t\t\t\t<div class=\"elementor-element elementor-element-a14aaf4 elementor-widget elementor-widget-text-editor\" data-id=\"a14aaf4\" data-element_type=\"widget\" data-widget_type=\"text-editor.default\">\n\t\t\t\t<div class=\"elementor-widget-container\">\n\t\t\t<style>\/*! elementor - v3.22.0 - 26-06-2024 *\/\n.elementor-widget-text-editor.elementor-drop-cap-view-stacked .elementor-drop-cap{background-color:#69727d;color:#fff}.elementor-widget-text-editor.elementor-drop-cap-view-framed .elementor-drop-cap{color:#69727d;border:3px solid;background-color:transparent}.elementor-widget-text-editor:not(.elementor-drop-cap-view-default) .elementor-drop-cap{margin-top:8px}.elementor-widget-text-editor:not(.elementor-drop-cap-view-default) .elementor-drop-cap-letter{width:1em;height:1em}.elementor-widget-text-editor .elementor-drop-cap{float:left;text-align:center;line-height:1;font-size:50px}.elementor-widget-text-editor .elementor-drop-cap-letter{display:inline-block}<\/style>\t\t\t\t<p>Nh\u00e0 v\u1ec7 sinh c\u00f4ng c\u1ed9ng \u1edf Qu\u1eadn 1, Th\u00e0nh ph\u1ed1 H\u1ed3 Ch\u00ed Minh<\/p>\t\t\t\t\t\t<\/div>\n\t\t\t\t<\/div>\n\t\t\t\t<\/div>\n\t\t<div class=\"elementor-element elementor-element-4cfc5858 e-con-full e-flex e-con e-child\" data-id=\"4cfc5858\" data-element_type=\"container\">\n\t\t\t\t<div class=\"elementor-element elementor-element-b157d78 elementor-widget elementor-widget-image\" data-id=\"b157d78\" data-element_type=\"widget\" data-widget_type=\"image.default\">\n\t\t\t\t<div class=\"elementor-widget-container\">\n\t\t\t<style>\/*! elementor - v3.22.0 - 26-06-2024 *\/\n.elementor-widget-image{text-align:center}.elementor-widget-image a{display:inline-block}.elementor-widget-image a img[src$=\".svg\"]{width:48px}.elementor-widget-image img{vertical-align:middle;display:inline-block}<\/style>\t\t\t\t\t\t\t\t\t\t<img fetchpriority=\"high\" decoding=\"async\" width=\"750\" height=\"540\" src=\"https:\/\/tienphongtech.vn\/wp-content\/uploads\/2024\/11\/diadiemnvs.jpg\" class=\"attachment-full size-full wp-image-3360\" alt=\"vitridacdia\" srcset=\"https:\/\/tienphongtech.vn\/wp-content\/uploads\/2024\/11\/diadiemnvs.jpg 750w, https:\/\/tienphongtech.vn\/wp-content\/uploads\/2024\/11\/diadiemnvs-300x216.jpg 300w, https:\/\/tienphongtech.vn\/wp-content\/uploads\/2024\/11\/diadiemnvs-18x12.jpg 18w\" sizes=\"(max-width: 750px) 100vw, 750px\" \/>\t\t\t\t\t\t\t\t\t\t\t\t\t<\/div>\n\t\t\t\t<\/div>\n\t\t\t\t<\/div>\n\t\t\t\t\t<\/div>\n\t\t\t\t<\/div>\n\t\t\t\t<\/div>","protected":false},"excerpt":{"rendered":"<p>\u0110\u1ecaA \u0110I\u1ec2M Danh s\u00e1ch c\u00e1c \u0111\u1ecba \u0111i\u1ec3m 01 CABIN NVS + KIOSK 8-12 Hai B\u00e0 Tr\u01b0ng, Q1 \u0110\u1ecba ch\u1ec9: G\u00f3c Nguy\u1ec5n V\u0103n Chi\u00eam &#8211; Hai B\u00e0 Tr\u01b0ng, Qu\u1eadn 1, TP. HCM. 02 CABIN NVS + KIOSK THI S\u00c1CH \u0110\u1ecba ch\u1ec9: C\u00f4ng tr\u01b0\u1eddng M\u00ea Linh, S\u1ed1 2-4-6 Hai B\u00e0 Tr\u01b0ng, P B\u1ebfn Ngh\u00e9, Qu\u1eadn 1, TP.HCM. [&hellip;]<\/p>","protected":false},"author":1,"featured_media":0,"parent":0,"menu_order":0,"comment_status":"closed","ping_status":"closed","template":"elementor_header_footer","meta":{"_uag_custom_page_level_css":"","site-sidebar-layout":"no-sidebar","site-content-layout":"page-builder","ast-site-content-layout":"full-width-container","site-content-style":"unboxed","site-sidebar-style":"unboxed","ast-global-header-display":"","ast-banner-title-visibility":"","ast-main-header-display":"","ast-hfb-above-header-display":"","ast-hfb-below-header-display":"","ast-hfb-mobile-header-display":"","site-post-title":"disabled","ast-breadcrumbs-content":"","ast-featured-img":"disabled","footer-sml-layout":"","theme-transparent-header-meta":"enabled","adv-header-id-meta":"","stick-header-meta":"","header-above-stick-meta":"","header-main-stick-meta":"","header-below-stick-meta":"","astra-migrate-meta-layouts":"set","ast-page-background-enabled":"default","ast-page-background-meta":{"desktop":{"background-color":"var(--ast-global-color-4)","background-image":"","background-repeat":"repeat","background-position":"center center","background-size":"auto","background-attachment":"scroll","background-type":"","background-media":"","overlay-type":"","overlay-color":"","overlay-opacity":"","overlay-gradient":""},"tablet":{"background-color":"","background-image":"","background-repeat":"repeat","background-position":"center center","background-size":"auto","background-attachment":"scroll","background-type":"","background-media":"","overlay-type":"","overlay-color":"","overlay-opacity":"","overlay-gradient":""},"mobile":{"background-color":"","background-image":"","background-repeat":"repeat","background-position":"center center","background-size":"auto","background-attachment":"scroll","background-type":"","background-media":"","overlay-type":"","overlay-color":"","overlay-opacity":"","overlay-gradient":""}},"ast-content-background-meta":{"desktop":{"background-color":"var(--ast-global-color-5)","background-image":"","background-repeat":"repeat","background-position":"center center","background-size":"auto","background-attachment":"scroll","background-type":"","background-media":"","overlay-type":"","overlay-color":"","overlay-opacity":"","overlay-gradient":""},"tablet":{"background-color":"var(--ast-global-color-5)","background-image":"","background-repeat":"repeat","background-position":"center center","background-size":"auto","background-attachment":"scroll","background-type":"","background-media":"","overlay-type":"","overlay-color":"","overlay-opacity":"","overlay-gradient":""},"mobile":{"background-color":"var(--ast-global-color-5)","background-image":"","background-repeat":"repeat","background-position":"center center","background-size":"auto","background-attachment":"scroll","background-type":"","background-media":"","overlay-type":"","overlay-color":"","overlay-opacity":"","overlay-gradient":""}},"footnotes":""},"class_list":["post-1397","page","type-page","status-publish","hentry"],"uagb_featured_image_src":{"full":false,"thumbnail":false,"medium":false,"medium_large":false,"large":false,"1536x1536":false,"2048x2048":false,"trp-custom-language-flag":false},"uagb_author_info":{"display_name":"admin","author_link":"https:\/\/tienphongtech.vn\/en\/author\/tienphong\/"},"uagb_comment_info":0,"uagb_excerpt":"\u0110\u1ecaA \u0110I\u1ec2M Danh s\u00e1ch c\u00e1c \u0111\u1ecba \u0111i\u1ec3m 01 CABIN NVS + KIOSK 8-12 Hai B\u00e0 Tr\u01b0ng, Q1 \u0110\u1ecba ch\u1ec9: G\u00f3c Nguy\u1ec5n V\u0103n Chi\u00eam &#8211; Hai B\u00e0 Tr\u01b0ng, Qu\u1eadn 1, TP. HCM. 02 CABIN NVS + KIOSK THI S\u00c1CH \u0110\u1ecba ch\u1ec9: C\u00f4ng tr\u01b0\u1eddng M\u00ea Linh, S\u1ed1 2-4-6 Hai B\u00e0 Tr\u01b0ng, P B\u1ebfn Ngh\u00e9, Qu\u1eadn 1, TP.HCM.&hellip;","_links":{"self":[{"href":"https:\/\/tienphongtech.vn\/en\/wp-json\/wp\/v2\/pages\/1397","targetHints":{"allow":["GET"]}}],"collection":[{"href":"https:\/\/tienphongtech.vn\/en\/wp-json\/wp\/v2\/pages"}],"about":[{"href":"https:\/\/tienphongtech.vn\/en\/wp-json\/wp\/v2\/types\/page"}],"author":[{"embeddable":true,"href":"https:\/\/tienphongtech.vn\/en\/wp-json\/wp\/v2\/users\/1"}],"replies":[{"embeddable":true,"href":"https:\/\/tienphongtech.vn\/en\/wp-json\/wp\/v2\/comments?post=1397"}],"version-history":[{"count":146,"href":"https:\/\/tienphongtech.vn\/en\/wp-json\/wp\/v2\/pages\/1397\/revisions"}],"predecessor-version":[{"id":5764,"href":"https:\/\/tienphongtech.vn\/en\/wp-json\/wp\/v2\/pages\/1397\/revisions\/5764"}],"wp:attachment":[{"href":"https:\/\/tienphongtech.vn\/en\/wp-json\/wp\/v2\/media?parent=1397"}],"curies":[{"name":"wp","href":"https:\/\/api.w.org\/{rel}","templated":true}]}}